
{"id":9898,"date":"2022-03-16T08:20:57","date_gmt":"2022-03-16T08:20:57","guid":{"rendered":"https:\/\/oyambresurf.com\/surfen-lernen-in-oyambre-kantabrien\/donde-esta-oyambre-surf\/"},"modified":"2026-03-18T10:07:30","modified_gmt":"2026-03-18T10:07:30","slug":"wo-liegt-oyambre-zum-surfen","status":"publish","type":"page","link":"https:\/\/oyambresurf.com\/de\/surfen-lernen-in-oyambre-kantabrien\/wo-liegt-oyambre-zum-surfen\/","title":{"rendered":"Wo ihr uns findet"},"content":{"rendered":"\n<style type=\"text\/css\" data-created_by=\"avia_inline_auto\" id=\"style-css-av-l0tb1izy-0e25a281c0ea34b7c06fc71c26011ba7\">\n.avia-section.av-l0tb1izy-0e25a281c0ea34b7c06fc71c26011ba7{\nbackground-repeat:no-repeat;\nbackground-image:url(https:\/\/oyambresurf.com\/wp-content\/uploads\/2022\/03\/camina-sobre-las-aguas.jpg);\nbackground-position:50% 0%;\nbackground-attachment:scroll;\n}\n<\/style>\n<div id='av_section_1'  class='avia-section av-l0tb1izy-0e25a281c0ea34b7c06fc71c26011ba7 main_color avia-section-default avia-no-border-styling  avia-builder-el-0  el_before_av_section  avia-builder-el-first  avia-full-stretch avia-bg-style-scroll av-minimum-height av-minimum-height-100 av-height-100  container_wrap fullsize'  data-section-bg-repeat='stretch' data-av_minimum_height_pc='100' data-av_min_height_opt='100'><div class='container av-section-cont-open' ><main  role=\"main\" itemprop=\"mainContentOfPage\"  class='template-page content  av-content-full alpha units'><div class='post-entry post-entry-type-page post-entry-9898'><div class='entry-content-wrapper clearfix'>\n\n<style type=\"text\/css\" data-created_by=\"avia_inline_auto\" id=\"style-css-av-7u7gg-55e48338febc6409c858a3d0f2d2d7ec\">\n#top .hr.hr-invisible.av-7u7gg-55e48338febc6409c858a3d0f2d2d7ec{\nheight:100px;\n}\n<\/style>\n<div  class='hr av-7u7gg-55e48338febc6409c858a3d0f2d2d7ec hr-invisible  avia-builder-el-1  el_before_av_one_full  avia-builder-el-first '><span class='hr-inner '><span class=\"hr-inner-style\"><\/span><\/span><\/div>\n<div  class='flex_column av-bgb3k-0b1d5392d67cda21485088957959c678 av_one_full  avia-builder-el-2  el_after_av_hr  el_before_av_one_full  first flex_column_div  '     ><style type=\"text\/css\" data-created_by=\"avia_inline_auto\" id=\"style-css-av-21c3ps-dd82b6c706ab3a92ff23834361f4760c\">\n#top .av-special-heading.av-21c3ps-dd82b6c706ab3a92ff23834361f4760c{\npadding-bottom:10px;\ncolor:#ffffff;\nfont-size:70px;\n}\nbody .av-special-heading.av-21c3ps-dd82b6c706ab3a92ff23834361f4760c .av-special-heading-tag .heading-char{\nfont-size:25px;\n}\n#top #wrap_all .av-special-heading.av-21c3ps-dd82b6c706ab3a92ff23834361f4760c .av-special-heading-tag{\nfont-size:70px;\n}\n.av-special-heading.av-21c3ps-dd82b6c706ab3a92ff23834361f4760c .special-heading-inner-border{\nborder-color:#ffffff;\n}\n.av-special-heading.av-21c3ps-dd82b6c706ab3a92ff23834361f4760c .av-subheading{\nfont-size:15px;\n}\n\n@media only screen and (min-width: 480px) and (max-width: 767px){ \n#top #wrap_all .av-special-heading.av-21c3ps-dd82b6c706ab3a92ff23834361f4760c .av-special-heading-tag{\nfont-size:0.8em;\n}\n}\n\n@media only screen and (max-width: 479px){ \n#top #wrap_all .av-special-heading.av-21c3ps-dd82b6c706ab3a92ff23834361f4760c .av-special-heading-tag{\nfont-size:0.8em;\n}\n}\n<\/style>\n<div  class='av-special-heading av-21c3ps-dd82b6c706ab3a92ff23834361f4760c av-special-heading-h2 custom-color-heading blockquote modern-quote modern-centered  avia-builder-el-3  avia-builder-el-no-sibling  av-thin-font av-inherit-size'><h2 class='av-special-heading-tag '  itemprop=\"headline\"  ><strong>OYAMBRE UND SEINE UMGEBUNG<\/strong><\/h2><div class=\"special-heading-border\"><div class=\"special-heading-inner-border\"><\/div><\/div><\/div><\/div><div  class='flex_column av-2w0534-1d87cdcd23157ec9f6912d576043a783 av_one_full  avia-builder-el-4  el_after_av_one_full  avia-builder-el-last  first flex_column_div  column-top-margin'     ><style type=\"text\/css\" data-created_by=\"avia_inline_auto\" id=\"style-css-av-ls1qh23n-351a18f511a7363dcbf06f02c120916e\">\n#top .av_textblock_section.av-ls1qh23n-351a18f511a7363dcbf06f02c120916e .avia_textblock{\nfont-size:18px;\ncolor:#ffffff;\n}\n<\/style>\n<section  class='av_textblock_section av-ls1qh23n-351a18f511a7363dcbf06f02c120916e '   itemscope=\"itemscope\" itemtype=\"https:\/\/schema.org\/CreativeWork\" ><div class='avia_textblock av_inherit_color'  itemprop=\"text\" ><p style=\"text-align: center;\">Wenn du gutes Essen magst, kilometerlange Str\u00e4nde entlang spazieren, surfen, charmante D\u00f6rfer besuchen und frische Luft atmen m\u00f6chtest, dann ist dies dein Reiseziel.<\/p>\n<p style=\"text-align: center;\">Oyambre wurde 1988 aufgrund seines gro\u00dfen \u00f6kologischen Wertes, seiner Sch\u00f6nheit und seines Erhaltungszustandes zum Naturpark erkl\u00e4rt.<\/p>\n<p style=\"text-align: center;\">Str\u00e4nde, D\u00fcnen, Marschland, Klippen und W\u00e4lder bilden ein von Bergen umgebenes \u00d6kosystem.<\/p>\n<\/div><\/section><\/div>\n\n<\/div><\/div><\/main><!-- close content main element --><\/div><\/div>\n<style type=\"text\/css\" data-created_by=\"avia_inline_auto\" id=\"style-css-av-l0tbue6u-f30458c046e6df254a65068b83a2902a\">\n.avia-section.av-l0tbue6u-f30458c046e6df254a65068b83a2902a{\nbackground-repeat:no-repeat;\nbackground-image:url(https:\/\/oyambresurf.com\/wp-content\/uploads\/2022\/03\/oyambre-surf-localizacion-comillas-cantabria.jpg);\nbackground-position:50% 50%;\nbackground-attachment:scroll;\n}\n.avia-section.av-l0tbue6u-f30458c046e6df254a65068b83a2902a .av-section-color-overlay{\nopacity:0.2;\nbackground-color:#000000;\n}\n<\/style>\n<div id='av_section_2'  class='avia-section av-l0tbue6u-f30458c046e6df254a65068b83a2902a main_color avia-section-default avia-no-border-styling  avia-builder-el-6  el_after_av_section  el_before_av_section  avia-full-stretch avia-bg-style-scroll av-section-color-overlay-active av-minimum-height av-minimum-height-100 av-height-100  container_wrap fullsize'  data-section-bg-repeat='stretch' data-av_minimum_height_pc='100' data-av_min_height_opt='100'><div class=\"av-section-color-overlay-wrap\"><div class=\"av-section-color-overlay\"><\/div><div class='container av-section-cont-open' ><div class='template-page content  av-content-full alpha units'><div class='post-entry post-entry-type-page post-entry-9898'><div class='entry-content-wrapper clearfix'>\n\n<style type=\"text\/css\" data-created_by=\"avia_inline_auto\" id=\"style-css-av-ls1qpg00-904efc336581307a11cde43d42feac16\">\n#top .av-special-heading.av-ls1qpg00-904efc336581307a11cde43d42feac16{\npadding-bottom:10px;\ncolor:#ffffff;\nfont-size:70px;\n}\nbody .av-special-heading.av-ls1qpg00-904efc336581307a11cde43d42feac16 .av-special-heading-tag .heading-char{\nfont-size:25px;\n}\n#top #wrap_all .av-special-heading.av-ls1qpg00-904efc336581307a11cde43d42feac16 .av-special-heading-tag{\nfont-size:70px;\n}\n.av-special-heading.av-ls1qpg00-904efc336581307a11cde43d42feac16 .special-heading-inner-border{\nborder-color:#ffffff;\n}\n.av-special-heading.av-ls1qpg00-904efc336581307a11cde43d42feac16 .av-subheading{\nfont-size:15px;\n}\n\n@media only screen and (min-width: 480px) and (max-width: 767px){ \n#top #wrap_all .av-special-heading.av-ls1qpg00-904efc336581307a11cde43d42feac16 .av-special-heading-tag{\nfont-size:0.8em;\n}\n}\n\n@media only screen and (max-width: 479px){ \n#top #wrap_all .av-special-heading.av-ls1qpg00-904efc336581307a11cde43d42feac16 .av-special-heading-tag{\nfont-size:0.8em;\n}\n}\n<\/style>\n<div  class='av-special-heading av-ls1qpg00-904efc336581307a11cde43d42feac16 av-special-heading-h2 custom-color-heading blockquote modern-quote modern-centered  avia-builder-el-7  el_before_av_textblock  avia-builder-el-first  av-thin-font av-inherit-size'><h2 class='av-special-heading-tag '  itemprop=\"headline\"  ><strong>OYAMBRE UND SEINE WELLEN<\/strong><\/h2><div class=\"special-heading-border\"><div class=\"special-heading-inner-border\"><\/div><\/div><\/div>\n\n<style type=\"text\/css\" data-created_by=\"avia_inline_auto\" id=\"style-css-av-l0tby2so-a9f11d4c2974af3ec5ecf3791c8917b3\">\n#top .av_textblock_section.av-l0tby2so-a9f11d4c2974af3ec5ecf3791c8917b3 .avia_textblock{\nfont-size:18px;\ncolor:#ffffff;\n}\n<\/style>\n<section  class='av_textblock_section av-l0tby2so-a9f11d4c2974af3ec5ecf3791c8917b3 '   itemscope=\"itemscope\" itemtype=\"https:\/\/schema.org\/CreativeWork\" ><div class='avia_textblock av_inherit_color'  itemprop=\"text\" ><p style=\"text-align: center;\">Es liegt im Herzen des Naturparks Oyambre an der Westk\u00fcste Kantabriens zwischen den Orten Comillas (3 km) und San Vicente de la Barquera (5 km). 55 km von Santander und 40 km von den Gipfeln Europas entfernt.<\/p>\n\n<style type=\"text\/css\" data-created_by=\"avia_inline_auto\" id=\"style-css-av-fihg0-15106090e1fb3ef0554c9221b1c99f01\">\n#top .hr.hr-invisible.av-fihg0-15106090e1fb3ef0554c9221b1c99f01{\nheight:50px;\n}\n<\/style>\n<div  class='hr av-fihg0-15106090e1fb3ef0554c9221b1c99f01 hr-invisible  avia-builder-el-9  avia-builder-el-no-sibling '><span class='hr-inner '><span class=\"hr-inner-style\"><\/span><\/span><\/div>\n<p style=\"text-align: center;\">Wir befinden uns an einem der besten Orte Europas zum Surfen. Unsere privilegierte Lage garantiert uns jeden Tag im Jahr Wellen. Wir haben zwei Str\u00e4nde, an denen wir surfen, die durch das Kap von Oyambre voneinander getrennt sind.<\/p>\n<\/div><\/section>\n\n<style type=\"text\/css\" data-created_by=\"avia_inline_auto\" id=\"style-css-av-ls1qocpn-6c895397fdcab2d12dbb86cd1bd581cd\">\n#top .hr.hr-invisible.av-ls1qocpn-6c895397fdcab2d12dbb86cd1bd581cd{\nheight:50px;\n}\n<\/style>\n<div  class='hr av-ls1qocpn-6c895397fdcab2d12dbb86cd1bd581cd hr-invisible  avia-builder-el-10  el_after_av_textblock  el_before_av_hr '><span class='hr-inner '><span class=\"hr-inner-style\"><\/span><\/span><\/div>\n\n<style type=\"text\/css\" data-created_by=\"avia_inline_auto\" id=\"style-css-av-24ccbk-9dbf0f170c27605ff2d4ef568df1cda8\">\n#top .hr.hr-invisible.av-24ccbk-9dbf0f170c27605ff2d4ef568df1cda8{\nheight:50px;\n}\n<\/style>\n<div  class='hr av-24ccbk-9dbf0f170c27605ff2d4ef568df1cda8 hr-invisible  avia-builder-el-11  el_after_av_hr  el_before_av_one_half '><span class='hr-inner '><span class=\"hr-inner-style\"><\/span><\/span><\/div>\n<div  class='flex_column av-87900w-5e84918a262bd4693449b8f6e858eba5 av_one_half  avia-builder-el-12  el_after_av_hr  el_before_av_one_half  first flex_column_div  '     ><style type=\"text\/css\" data-created_by=\"avia_inline_auto\" id=\"style-css-av-l0tc39lz-5f26890cc5d79d4cbc65c1d1f950eb33\">\n#top .av_textblock_section.av-l0tc39lz-5f26890cc5d79d4cbc65c1d1f950eb33 .avia_textblock{\nfont-size:18px;\ncolor:#ffffff;\n}\n<\/style>\n<section  class='av_textblock_section av-l0tc39lz-5f26890cc5d79d4cbc65c1d1f950eb33 '   itemscope=\"itemscope\" itemtype=\"https:\/\/schema.org\/CreativeWork\" ><div class='avia_textblock av_inherit_color'  itemprop=\"text\" ><p style=\"text-align: center;\"><strong>OYAMBRE STRAND:<\/strong><\/p>\n<p style=\"text-align: center;\">2,5 km wei\u00dfer Sandstrand, Nordostausrichtung.<br \/>\nZiele: Golfplatz, El p\u00e1jaro amarillo\u2026<\/p>\n<\/div><\/section><\/div><div  class='flex_column av-ih81c-4c2358877e89de651a12cea2af922a7a av_one_half  avia-builder-el-14  el_after_av_one_half  avia-builder-el-last  flex_column_div  '     ><style type=\"text\/css\" data-created_by=\"avia_inline_auto\" id=\"style-css-av-3yhtcg-35d70c5871d941d27375327ff47205b5\">\n#top .av_textblock_section.av-3yhtcg-35d70c5871d941d27375327ff47205b5 .avia_textblock{\nfont-size:18px;\ncolor:#ffffff;\n}\n<\/style>\n<section  class='av_textblock_section av-3yhtcg-35d70c5871d941d27375327ff47205b5 '   itemscope=\"itemscope\" itemtype=\"https:\/\/schema.org\/CreativeWork\" ><div class='avia_textblock av_inherit_color'  itemprop=\"text\" ><p style=\"text-align: center;\"><strong>STRAND VON MER\u00d3N ODER SAN VICENTE DE LA BARQUERA:<\/strong><\/p>\n<p style=\"text-align: center;\">3 km wei\u00dfer Sandstrand, nordwestliche Ausrichtung.<br \/>\nZiele: Gerra, El Farolillo\u2026<\/p>\n<\/div><\/section><\/div>\n\n<\/div><\/div><\/div><!-- close content main div --><\/div><\/div><\/div>\n<style type=\"text\/css\" data-created_by=\"avia_inline_auto\" id=\"style-css-av-mmvvc54e-f81f43870f2bff6e7a2754f7712662c5\">\n.avia-section.av-mmvvc54e-f81f43870f2bff6e7a2754f7712662c5{\nbackground-color:#2e2e2e;\nbackground-image:unset;\n}\n<\/style>\n<div id='av_section_3'  class='avia-section av-mmvvc54e-f81f43870f2bff6e7a2754f7712662c5 main_color avia-section-default avia-no-border-styling  avia-builder-el-16  el_after_av_section  avia-builder-el-last  avia-bg-style-scroll av-minimum-height av-minimum-height-custom av-height-custom  container_wrap fullsize'   data-av_minimum_height_px='500'><div class='container av-section-cont-open' style='height:500px'><div class='template-page content  av-content-full alpha units'><div class='post-entry post-entry-type-page post-entry-9898'><div class='entry-content-wrapper clearfix'>\n\n\n","protected":false},"excerpt":{"rendered":"","protected":false},"author":1,"featured_media":0,"parent":9875,"menu_order":0,"comment_status":"closed","ping_status":"closed","template":"","meta":{"_monsterinsights_skip_tracking":false,"_monsterinsights_sitenote_active":false,"_monsterinsights_sitenote_note":"","_monsterinsights_sitenote_category":0,"footnotes":""},"class_list":["post-9898","page","type-page","status-publish","hentry"],"yoast_head":"<!-- This site is optimized with the Yoast SEO plugin v27.2 - https:\/\/yoast.com\/product\/yoast-seo-wordpress\/ -->\n<title>Wo ihr uns findet - Oyambre Surf House<\/title>\n<meta name=\"robots\" content=\"index, follow, max-snippet:-1, max-image-preview:large, max-video-preview:-1\" \/>\n<link rel=\"canonical\" href=\"https:\/\/oyambresurf.com\/de\/surfen-lernen-in-oyambre-kantabrien\/wo-liegt-oyambre-zum-surfen\/\" \/>\n<meta property=\"og:locale\" content=\"de_DE\" \/>\n<meta property=\"og:type\" content=\"article\" \/>\n<meta property=\"og:title\" content=\"Wo ihr uns findet - Oyambre Surf House\" \/>\n<meta property=\"og:url\" content=\"https:\/\/oyambresurf.com\/de\/surfen-lernen-in-oyambre-kantabrien\/wo-liegt-oyambre-zum-surfen\/\" \/>\n<meta property=\"og:site_name\" content=\"Oyambre Surf House\" \/>\n<meta property=\"article:publisher\" content=\"https:\/\/www.facebook.com\/pages\/Oyambre-Surf\/368855046467219\" \/>\n<meta property=\"article:modified_time\" content=\"2026-03-18T10:07:30+00:00\" \/>\n<meta name=\"twitter:card\" content=\"summary_large_image\" \/>\n<meta name=\"twitter:site\" content=\"@oyambresurf\" \/>\n<meta name=\"twitter:label1\" content=\"Gesch\u00e4tzte Lesezeit\" \/>\n\t<meta name=\"twitter:data1\" content=\"1\u00a0Minute\" \/>\n<script type=\"application\/ld+json\" class=\"yoast-schema-graph\">{\"@context\":\"https:\/\/schema.org\",\"@graph\":[{\"@type\":\"WebPage\",\"@id\":\"https:\/\/oyambresurf.com\/de\/surfen-lernen-in-oyambre-kantabrien\/wo-liegt-oyambre-zum-surfen\/\",\"url\":\"https:\/\/oyambresurf.com\/de\/surfen-lernen-in-oyambre-kantabrien\/wo-liegt-oyambre-zum-surfen\/\",\"name\":\"Wo ihr uns findet - Oyambre Surf House\",\"isPartOf\":{\"@id\":\"https:\/\/oyambresurf.com\/en\/#website\"},\"datePublished\":\"2022-03-16T08:20:57+00:00\",\"dateModified\":\"2026-03-18T10:07:30+00:00\",\"breadcrumb\":{\"@id\":\"https:\/\/oyambresurf.com\/de\/surfen-lernen-in-oyambre-kantabrien\/wo-liegt-oyambre-zum-surfen\/#breadcrumb\"},\"inLanguage\":\"de\",\"potentialAction\":[{\"@type\":\"ReadAction\",\"target\":[\"https:\/\/oyambresurf.com\/de\/surfen-lernen-in-oyambre-kantabrien\/wo-liegt-oyambre-zum-surfen\/\"]}]},{\"@type\":\"BreadcrumbList\",\"@id\":\"https:\/\/oyambresurf.com\/de\/surfen-lernen-in-oyambre-kantabrien\/wo-liegt-oyambre-zum-surfen\/#breadcrumb\",\"itemListElement\":[{\"@type\":\"ListItem\",\"position\":1,\"name\":\"Portada\",\"item\":\"https:\/\/oyambresurf.com\/de\/surfen-in-kantabrien\/\"},{\"@type\":\"ListItem\",\"position\":2,\"name\":\"\u00dcBER UNS\",\"item\":\"https:\/\/oyambresurf.com\/de\/surfen-lernen-in-oyambre-kantabrien\/\"},{\"@type\":\"ListItem\",\"position\":3,\"name\":\"Wo ihr uns findet\"}]},{\"@type\":\"WebSite\",\"@id\":\"https:\/\/oyambresurf.com\/en\/#website\",\"url\":\"https:\/\/oyambresurf.com\/en\/\",\"name\":\"Oyambre Surf House\",\"description\":\"Escuela de Surf en Cantabria\",\"publisher\":{\"@id\":\"https:\/\/oyambresurf.com\/en\/#organization\"},\"potentialAction\":[{\"@type\":\"SearchAction\",\"target\":{\"@type\":\"EntryPoint\",\"urlTemplate\":\"https:\/\/oyambresurf.com\/en\/?s={search_term_string}\"},\"query-input\":{\"@type\":\"PropertyValueSpecification\",\"valueRequired\":true,\"valueName\":\"search_term_string\"}}],\"inLanguage\":\"de\"},{\"@type\":\"Organization\",\"@id\":\"https:\/\/oyambresurf.com\/en\/#organization\",\"name\":\"Oyambre Surf\",\"url\":\"https:\/\/oyambresurf.com\/en\/\",\"logo\":{\"@type\":\"ImageObject\",\"inLanguage\":\"de\",\"@id\":\"https:\/\/oyambresurf.com\/en\/#\/schema\/logo\/image\/\",\"url\":\"https:\/\/oyambresurf.com\/wp-content\/uploads\/2018\/05\/logotipo-oyambre-surf.png\",\"contentUrl\":\"https:\/\/oyambresurf.com\/wp-content\/uploads\/2018\/05\/logotipo-oyambre-surf.png\",\"width\":452,\"height\":183,\"caption\":\"Oyambre Surf\"},\"image\":{\"@id\":\"https:\/\/oyambresurf.com\/en\/#\/schema\/logo\/image\/\"},\"sameAs\":[\"https:\/\/www.facebook.com\/pages\/Oyambre-Surf\/368855046467219\",\"https:\/\/x.com\/oyambresurf\",\"https:\/\/www.instagram.com\/oyambresurf\/\",\"https:\/\/www.youtube.com\/user\/oyambresurf\"]}]}<\/script>\n<!-- \/ Yoast SEO plugin. -->","yoast_head_json":{"title":"Wo ihr uns findet - Oyambre Surf House","robots":{"index":"index","follow":"follow","max-snippet":"max-snippet:-1","max-image-preview":"max-image-preview:large","max-video-preview":"max-video-preview:-1"},"canonical":"https:\/\/oyambresurf.com\/de\/surfen-lernen-in-oyambre-kantabrien\/wo-liegt-oyambre-zum-surfen\/","og_locale":"de_DE","og_type":"article","og_title":"Wo ihr uns findet - Oyambre Surf House","og_url":"https:\/\/oyambresurf.com\/de\/surfen-lernen-in-oyambre-kantabrien\/wo-liegt-oyambre-zum-surfen\/","og_site_name":"Oyambre Surf House","article_publisher":"https:\/\/www.facebook.com\/pages\/Oyambre-Surf\/368855046467219","article_modified_time":"2026-03-18T10:07:30+00:00","twitter_card":"summary_large_image","twitter_site":"@oyambresurf","twitter_misc":{"Gesch\u00e4tzte Lesezeit":"1\u00a0Minute"},"schema":{"@context":"https:\/\/schema.org","@graph":[{"@type":"WebPage","@id":"https:\/\/oyambresurf.com\/de\/surfen-lernen-in-oyambre-kantabrien\/wo-liegt-oyambre-zum-surfen\/","url":"https:\/\/oyambresurf.com\/de\/surfen-lernen-in-oyambre-kantabrien\/wo-liegt-oyambre-zum-surfen\/","name":"Wo ihr uns findet - Oyambre Surf House","isPartOf":{"@id":"https:\/\/oyambresurf.com\/en\/#website"},"datePublished":"2022-03-16T08:20:57+00:00","dateModified":"2026-03-18T10:07:30+00:00","breadcrumb":{"@id":"https:\/\/oyambresurf.com\/de\/surfen-lernen-in-oyambre-kantabrien\/wo-liegt-oyambre-zum-surfen\/#breadcrumb"},"inLanguage":"de","potentialAction":[{"@type":"ReadAction","target":["https:\/\/oyambresurf.com\/de\/surfen-lernen-in-oyambre-kantabrien\/wo-liegt-oyambre-zum-surfen\/"]}]},{"@type":"BreadcrumbList","@id":"https:\/\/oyambresurf.com\/de\/surfen-lernen-in-oyambre-kantabrien\/wo-liegt-oyambre-zum-surfen\/#breadcrumb","itemListElement":[{"@type":"ListItem","position":1,"name":"Portada","item":"https:\/\/oyambresurf.com\/de\/surfen-in-kantabrien\/"},{"@type":"ListItem","position":2,"name":"\u00dcBER UNS","item":"https:\/\/oyambresurf.com\/de\/surfen-lernen-in-oyambre-kantabrien\/"},{"@type":"ListItem","position":3,"name":"Wo ihr uns findet"}]},{"@type":"WebSite","@id":"https:\/\/oyambresurf.com\/en\/#website","url":"https:\/\/oyambresurf.com\/en\/","name":"Oyambre Surf House","description":"Escuela de Surf en Cantabria","publisher":{"@id":"https:\/\/oyambresurf.com\/en\/#organization"},"potentialAction":[{"@type":"SearchAction","target":{"@type":"EntryPoint","urlTemplate":"https:\/\/oyambresurf.com\/en\/?s={search_term_string}"},"query-input":{"@type":"PropertyValueSpecification","valueRequired":true,"valueName":"search_term_string"}}],"inLanguage":"de"},{"@type":"Organization","@id":"https:\/\/oyambresurf.com\/en\/#organization","name":"Oyambre Surf","url":"https:\/\/oyambresurf.com\/en\/","logo":{"@type":"ImageObject","inLanguage":"de","@id":"https:\/\/oyambresurf.com\/en\/#\/schema\/logo\/image\/","url":"https:\/\/oyambresurf.com\/wp-content\/uploads\/2018\/05\/logotipo-oyambre-surf.png","contentUrl":"https:\/\/oyambresurf.com\/wp-content\/uploads\/2018\/05\/logotipo-oyambre-surf.png","width":452,"height":183,"caption":"Oyambre Surf"},"image":{"@id":"https:\/\/oyambresurf.com\/en\/#\/schema\/logo\/image\/"},"sameAs":["https:\/\/www.facebook.com\/pages\/Oyambre-Surf\/368855046467219","https:\/\/x.com\/oyambresurf","https:\/\/www.instagram.com\/oyambresurf\/","https:\/\/www.youtube.com\/user\/oyambresurf"]}]}},"_links":{"self":[{"href":"https:\/\/oyambresurf.com\/de\/wp-json\/wp\/v2\/pages\/9898","targetHints":{"allow":["GET"]}}],"collection":[{"href":"https:\/\/oyambresurf.com\/de\/wp-json\/wp\/v2\/pages"}],"about":[{"href":"https:\/\/oyambresurf.com\/de\/wp-json\/wp\/v2\/types\/page"}],"author":[{"embeddable":true,"href":"https:\/\/oyambresurf.com\/de\/wp-json\/wp\/v2\/users\/1"}],"replies":[{"embeddable":true,"href":"https:\/\/oyambresurf.com\/de\/wp-json\/wp\/v2\/comments?post=9898"}],"version-history":[{"count":0,"href":"https:\/\/oyambresurf.com\/de\/wp-json\/wp\/v2\/pages\/9898\/revisions"}],"up":[{"embeddable":true,"href":"https:\/\/oyambresurf.com\/de\/wp-json\/wp\/v2\/pages\/9875"}],"wp:attachment":[{"href":"https:\/\/oyambresurf.com\/de\/wp-json\/wp\/v2\/media?parent=9898"}],"curies":[{"name":"wp","href":"https:\/\/api.w.org\/{rel}","templated":true}]}}